{"id":1854,"date":"2025-06-12T09:25:00","date_gmt":"2025-06-12T06:25:00","guid":{"rendered":"https:\/\/pre.cdev.ee\/kapitel\/home\/"},"modified":"2026-03-02T11:26:08","modified_gmt":"2026-03-02T09:26:08","slug":"home","status":"publish","type":"page","link":"https:\/\/kapitel.ee\/et\/","title":{"rendered":"Home"},"content":{"rendered":"<p>Oleme Baltimaade suurimaid kinnisvaraettev\u00f5tteid. Arendame, omame ja juhime kvaliteetset \u00e4rikinnisvara ning oleme oma \u00fc\u00fcrnikele pikaajaline partner.<\/p>\n","protected":false},"excerpt":{"rendered":"<p>Oleme Baltimaade suurimaid kinnisvaraettev\u00f5tteid. Arendame, omame ja juhime kvaliteetset \u00e4rikinnisvara ning oleme oma \u00fc\u00fcrnikele pikaajaline partner.<\/p>\n","protected":false},"author":1,"featured_media":1855,"parent":0,"menu_order":0,"comment_status":"closed","ping_status":"closed","template":"","meta":{"_acf_changed":false,"footnotes":""},"class_list":["post-1854","page","type-page","status-publish","has-post-thumbnail","hentry","entry"],"acf":[],"yoast_head":"<!-- This site is optimized with the Yoast SEO plugin v27.1 - https:\/\/yoast.com\/product\/yoast-seo-wordpress\/ -->\n<title>Home - Kapitel<\/title>\n<meta name=\"robots\" content=\"index, follow, max-snippet:-1, max-image-preview:large, max-video-preview:-1\" \/>\n<link rel=\"canonical\" href=\"https:\/\/kapitel.ee\/et\/\" \/>\n<meta property=\"og:locale\" content=\"et_EE\" \/>\n<meta property=\"og:type\" content=\"article\" \/>\n<meta property=\"og:title\" content=\"Home - Kapitel\" \/>\n<meta property=\"og:description\" content=\"Oleme Baltimaade suurimaid kinnisvaraettev\u00f5tteid. Arendame, omame ja juhime kvaliteetset \u00e4rikinnisvara ning oleme oma \u00fc\u00fcrnikele pikaajaline partner.\" \/>\n<meta property=\"og:url\" content=\"https:\/\/kapitel.ee\/et\/\" \/>\n<meta property=\"og:site_name\" content=\"Kapitel\" \/>\n<meta property=\"article:modified_time\" content=\"2026-03-02T09:26:08+00:00\" \/>\n<meta property=\"og:image\" content=\"https:\/\/kapitel.ee\/wp-content\/uploads\/2025\/06\/Rectangle-4.jpg\" \/>\n\t<meta property=\"og:image:width\" content=\"1193\" \/>\n\t<meta property=\"og:image:height\" content=\"600\" \/>\n\t<meta property=\"og:image:type\" content=\"image\/jpeg\" \/>\n<meta name=\"twitter:card\" content=\"summary_large_image\" \/>\n<meta name=\"twitter:label1\" content=\"Est. reading time\" \/>\n\t<meta name=\"twitter:data1\" content=\"2 minutit\" \/>\n<script type=\"application\/ld+json\" class=\"yoast-schema-graph\">{\"@context\":\"https:\/\/schema.org\",\"@graph\":[{\"@type\":\"WebPage\",\"@id\":\"https:\/\/kapitel.ee\/et\/\",\"url\":\"https:\/\/kapitel.ee\/et\/\",\"name\":\"Home - Kapitel\",\"isPartOf\":{\"@id\":\"https:\/\/kapitel.ee\/#website\"},\"primaryImageOfPage\":{\"@id\":\"https:\/\/kapitel.ee\/et\/#primaryimage\"},\"image\":{\"@id\":\"https:\/\/kapitel.ee\/et\/#primaryimage\"},\"thumbnailUrl\":\"https:\/\/kapitel.ee\/wp-content\/uploads\/2025\/06\/Rectangle-4.jpg\",\"datePublished\":\"2025-06-12T06:25:00+00:00\",\"dateModified\":\"2026-03-02T09:26:08+00:00\",\"breadcrumb\":{\"@id\":\"https:\/\/kapitel.ee\/et\/#breadcrumb\"},\"inLanguage\":\"et\",\"potentialAction\":[{\"@type\":\"ReadAction\",\"target\":[\"https:\/\/kapitel.ee\/et\/\"]}]},{\"@type\":\"ImageObject\",\"inLanguage\":\"et\",\"@id\":\"https:\/\/kapitel.ee\/et\/#primaryimage\",\"url\":\"https:\/\/kapitel.ee\/wp-content\/uploads\/2025\/06\/Rectangle-4.jpg\",\"contentUrl\":\"https:\/\/kapitel.ee\/wp-content\/uploads\/2025\/06\/Rectangle-4.jpg\",\"width\":1193,\"height\":600},{\"@type\":\"BreadcrumbList\",\"@id\":\"https:\/\/kapitel.ee\/et\/#breadcrumb\",\"itemListElement\":[{\"@type\":\"ListItem\",\"position\":1,\"name\":\"Home\",\"item\":\"https:\/\/kapitel.ee\/et\/\"},{\"@type\":\"ListItem\",\"position\":2,\"name\":\"Home\"}]},{\"@type\":\"WebSite\",\"@id\":\"https:\/\/kapitel.ee\/#website\",\"url\":\"https:\/\/kapitel.ee\/\",\"name\":\"Kapitel\",\"description\":\"\",\"publisher\":{\"@id\":\"https:\/\/kapitel.ee\/#organization\"},\"potentialAction\":[{\"@type\":\"SearchAction\",\"target\":{\"@type\":\"EntryPoint\",\"urlTemplate\":\"https:\/\/kapitel.ee\/?s={search_term_string}\"},\"query-input\":{\"@type\":\"PropertyValueSpecification\",\"valueRequired\":true,\"valueName\":\"search_term_string\"}}],\"inLanguage\":\"et\"},{\"@type\":\"Organization\",\"@id\":\"https:\/\/kapitel.ee\/#organization\",\"name\":\"Kapitel\",\"url\":\"https:\/\/kapitel.ee\/\",\"logo\":{\"@type\":\"ImageObject\",\"inLanguage\":\"et\",\"@id\":\"https:\/\/kapitel.ee\/#\/schema\/logo\/image\/\",\"url\":\"https:\/\/kapitel.ee\/wp-content\/uploads\/2025\/06\/logo.svg\",\"contentUrl\":\"https:\/\/kapitel.ee\/wp-content\/uploads\/2025\/06\/logo.svg\",\"caption\":\"Kapitel\"},\"image\":{\"@id\":\"https:\/\/kapitel.ee\/#\/schema\/logo\/image\/\"}}]}<\/script>\n<!-- \/ Yoast SEO plugin. -->","yoast_head_json":{"title":"Home - Kapitel","robots":{"index":"index","follow":"follow","max-snippet":"max-snippet:-1","max-image-preview":"max-image-preview:large","max-video-preview":"max-video-preview:-1"},"canonical":"https:\/\/kapitel.ee\/et\/","og_locale":"et_EE","og_type":"article","og_title":"Home - Kapitel","og_description":"Oleme Baltimaade suurimaid kinnisvaraettev\u00f5tteid. Arendame, omame ja juhime kvaliteetset \u00e4rikinnisvara ning oleme oma \u00fc\u00fcrnikele pikaajaline partner.","og_url":"https:\/\/kapitel.ee\/et\/","og_site_name":"Kapitel","article_modified_time":"2026-03-02T09:26:08+00:00","og_image":[{"width":1193,"height":600,"url":"https:\/\/kapitel.ee\/wp-content\/uploads\/2025\/06\/Rectangle-4.jpg","type":"image\/jpeg"}],"twitter_card":"summary_large_image","twitter_misc":{"Est. reading time":"2 minutit"},"schema":{"@context":"https:\/\/schema.org","@graph":[{"@type":"WebPage","@id":"https:\/\/kapitel.ee\/et\/","url":"https:\/\/kapitel.ee\/et\/","name":"Home - Kapitel","isPartOf":{"@id":"https:\/\/kapitel.ee\/#website"},"primaryImageOfPage":{"@id":"https:\/\/kapitel.ee\/et\/#primaryimage"},"image":{"@id":"https:\/\/kapitel.ee\/et\/#primaryimage"},"thumbnailUrl":"https:\/\/kapitel.ee\/wp-content\/uploads\/2025\/06\/Rectangle-4.jpg","datePublished":"2025-06-12T06:25:00+00:00","dateModified":"2026-03-02T09:26:08+00:00","breadcrumb":{"@id":"https:\/\/kapitel.ee\/et\/#breadcrumb"},"inLanguage":"et","potentialAction":[{"@type":"ReadAction","target":["https:\/\/kapitel.ee\/et\/"]}]},{"@type":"ImageObject","inLanguage":"et","@id":"https:\/\/kapitel.ee\/et\/#primaryimage","url":"https:\/\/kapitel.ee\/wp-content\/uploads\/2025\/06\/Rectangle-4.jpg","contentUrl":"https:\/\/kapitel.ee\/wp-content\/uploads\/2025\/06\/Rectangle-4.jpg","width":1193,"height":600},{"@type":"BreadcrumbList","@id":"https:\/\/kapitel.ee\/et\/#breadcrumb","itemListElement":[{"@type":"ListItem","position":1,"name":"Home","item":"https:\/\/kapitel.ee\/et\/"},{"@type":"ListItem","position":2,"name":"Home"}]},{"@type":"WebSite","@id":"https:\/\/kapitel.ee\/#website","url":"https:\/\/kapitel.ee\/","name":"Kapitel","description":"","publisher":{"@id":"https:\/\/kapitel.ee\/#organization"},"potentialAction":[{"@type":"SearchAction","target":{"@type":"EntryPoint","urlTemplate":"https:\/\/kapitel.ee\/?s={search_term_string}"},"query-input":{"@type":"PropertyValueSpecification","valueRequired":true,"valueName":"search_term_string"}}],"inLanguage":"et"},{"@type":"Organization","@id":"https:\/\/kapitel.ee\/#organization","name":"Kapitel","url":"https:\/\/kapitel.ee\/","logo":{"@type":"ImageObject","inLanguage":"et","@id":"https:\/\/kapitel.ee\/#\/schema\/logo\/image\/","url":"https:\/\/kapitel.ee\/wp-content\/uploads\/2025\/06\/logo.svg","contentUrl":"https:\/\/kapitel.ee\/wp-content\/uploads\/2025\/06\/logo.svg","caption":"Kapitel"},"image":{"@id":"https:\/\/kapitel.ee\/#\/schema\/logo\/image\/"}}]}},"_links":{"self":[{"href":"https:\/\/kapitel.ee\/et\/wp-json\/wp\/v2\/pages\/1854","targetHints":{"allow":["GET"]}}],"collection":[{"href":"https:\/\/kapitel.ee\/et\/wp-json\/wp\/v2\/pages"}],"about":[{"href":"https:\/\/kapitel.ee\/et\/wp-json\/wp\/v2\/types\/page"}],"author":[{"embeddable":true,"href":"https:\/\/kapitel.ee\/et\/wp-json\/wp\/v2\/users\/1"}],"replies":[{"embeddable":true,"href":"https:\/\/kapitel.ee\/et\/wp-json\/wp\/v2\/comments?post=1854"}],"version-history":[{"count":35,"href":"https:\/\/kapitel.ee\/et\/wp-json\/wp\/v2\/pages\/1854\/revisions"}],"predecessor-version":[{"id":3204,"href":"https:\/\/kapitel.ee\/et\/wp-json\/wp\/v2\/pages\/1854\/revisions\/3204"}],"wp:featuredmedia":[{"embeddable":true,"href":"https:\/\/kapitel.ee\/et\/wp-json\/wp\/v2\/media\/1855"}],"wp:attachment":[{"href":"https:\/\/kapitel.ee\/et\/wp-json\/wp\/v2\/media?parent=1854"}],"curies":[{"name":"wp","href":"https:\/\/api.w.org\/{rel}","templated":true}]}}