{"id":1859,"date":"2025-06-12T09:26:45","date_gmt":"2025-06-12T06:26:45","guid":{"rendered":"https:\/\/pre.cdev.ee\/kapitel\/company\/"},"modified":"2026-04-16T10:34:15","modified_gmt":"2026-04-16T07:34:15","slug":"meist","status":"publish","type":"page","link":"https:\/\/kapitel.ee\/et\/meist\/","title":{"rendered":"Meist"},"content":{"rendered":"<div class=\"ewa-rteLine\">Alates ettev\u00f5tte asutamisest 1997. aastal oleme arendanud ja juhtinud kinnisvaraprojekte ning loonud kvaliteetseid t\u00f6\u00f6-, kaubandus- ja majutuskeskkondi. L\u00e4htume pikaajalisest strateegiast: juhime tervet arendusprotsessi ning j\u00e4\u00e4me arendatud projektide omanikuks ja \u00fc\u00fcrnikele igap\u00e4evaseks partneriks. Ettev\u00f5te p\u00f5hineb 100% Eesti kapitalil.<\/div>\n","protected":false},"excerpt":{"rendered":"<p>Alates ettev\u00f5tte asutamisest 1997. aastal oleme arendanud ja juhtinud kinnisvaraprojekte ning loonud kvaliteetseid t\u00f6\u00f6-, kaubandus- ja majutuskeskkondi. L\u00e4htume pikaajalisest strateegiast: juhime tervet arendusprotsessi ning j\u00e4\u00e4me arendatud projektide omanikuks ja \u00fc\u00fcrnikele igap\u00e4evaseks partneriks. Ettev\u00f5te p\u00f5hineb 100% Eesti kapitalil.<\/p>\n","protected":false},"author":1,"featured_media":1895,"parent":0,"menu_order":0,"comment_status":"closed","ping_status":"closed","template":"templates\/about.php","meta":{"_acf_changed":false,"footnotes":""},"class_list":["post-1859","page","type-page","status-publish","has-post-thumbnail","hentry","entry"],"acf":[],"yoast_head":"<!-- This site is optimized with the Yoast SEO plugin v27.1 - https:\/\/yoast.com\/product\/yoast-seo-wordpress\/ -->\n<title>Meist - Kapitel<\/title>\n<meta name=\"robots\" content=\"index, follow, max-snippet:-1, max-image-preview:large, max-video-preview:-1\" \/>\n<link rel=\"canonical\" href=\"https:\/\/kapitel.ee\/et\/meist\/\" \/>\n<meta property=\"og:locale\" content=\"et_EE\" \/>\n<meta property=\"og:type\" content=\"article\" \/>\n<meta property=\"og:title\" content=\"Meist - Kapitel\" \/>\n<meta property=\"og:description\" content=\"Alates ettev\u00f5tte asutamisest 1997. aastal oleme arendanud ja juhtinud kinnisvaraprojekte ning loonud kvaliteetseid t\u00f6\u00f6-, kaubandus- ja majutuskeskkondi. L\u00e4htume pikaajalisest strateegiast: juhime tervet arendusprotsessi ning j\u00e4\u00e4me arendatud projektide omanikuks ja \u00fc\u00fcrnikele igap\u00e4evaseks partneriks. Ettev\u00f5te p\u00f5hineb 100% Eesti kapitalil.\" \/>\n<meta property=\"og:url\" content=\"https:\/\/kapitel.ee\/et\/meist\/\" \/>\n<meta property=\"og:site_name\" content=\"Kapitel\" \/>\n<meta property=\"article:modified_time\" content=\"2026-04-16T07:34:15+00:00\" \/>\n<meta property=\"og:image\" content=\"https:\/\/kapitel.ee\/wp-content\/uploads\/2025\/06\/diivan.jpg\" \/>\n\t<meta property=\"og:image:width\" content=\"3874\" \/>\n\t<meta property=\"og:image:height\" content=\"2174\" \/>\n\t<meta property=\"og:image:type\" content=\"image\/jpeg\" \/>\n<meta name=\"twitter:card\" content=\"summary_large_image\" \/>\n<meta name=\"twitter:label1\" content=\"Est. reading time\" \/>\n\t<meta name=\"twitter:data1\" content=\"5 minutit\" \/>\n<script type=\"application\/ld+json\" class=\"yoast-schema-graph\">{\"@context\":\"https:\/\/schema.org\",\"@graph\":[{\"@type\":\"WebPage\",\"@id\":\"https:\/\/kapitel.ee\/et\/meist\/\",\"url\":\"https:\/\/kapitel.ee\/et\/meist\/\",\"name\":\"Meist - Kapitel\",\"isPartOf\":{\"@id\":\"https:\/\/kapitel.ee\/#website\"},\"primaryImageOfPage\":{\"@id\":\"https:\/\/kapitel.ee\/et\/meist\/#primaryimage\"},\"image\":{\"@id\":\"https:\/\/kapitel.ee\/et\/meist\/#primaryimage\"},\"thumbnailUrl\":\"https:\/\/kapitel.ee\/wp-content\/uploads\/2025\/06\/diivan.jpg\",\"datePublished\":\"2025-06-12T06:26:45+00:00\",\"dateModified\":\"2026-04-16T07:34:15+00:00\",\"breadcrumb\":{\"@id\":\"https:\/\/kapitel.ee\/et\/meist\/#breadcrumb\"},\"inLanguage\":\"et\",\"potentialAction\":[{\"@type\":\"ReadAction\",\"target\":[\"https:\/\/kapitel.ee\/et\/meist\/\"]}]},{\"@type\":\"ImageObject\",\"inLanguage\":\"et\",\"@id\":\"https:\/\/kapitel.ee\/et\/meist\/#primaryimage\",\"url\":\"https:\/\/kapitel.ee\/wp-content\/uploads\/2025\/06\/diivan.jpg\",\"contentUrl\":\"https:\/\/kapitel.ee\/wp-content\/uploads\/2025\/06\/diivan.jpg\",\"width\":3874,\"height\":2174},{\"@type\":\"BreadcrumbList\",\"@id\":\"https:\/\/kapitel.ee\/et\/meist\/#breadcrumb\",\"itemListElement\":[{\"@type\":\"ListItem\",\"position\":1,\"name\":\"Home\",\"item\":\"https:\/\/kapitel.ee\/et\/\"},{\"@type\":\"ListItem\",\"position\":2,\"name\":\"Meist\"}]},{\"@type\":\"WebSite\",\"@id\":\"https:\/\/kapitel.ee\/#website\",\"url\":\"https:\/\/kapitel.ee\/\",\"name\":\"Kapitel\",\"description\":\"\",\"publisher\":{\"@id\":\"https:\/\/kapitel.ee\/#organization\"},\"potentialAction\":[{\"@type\":\"SearchAction\",\"target\":{\"@type\":\"EntryPoint\",\"urlTemplate\":\"https:\/\/kapitel.ee\/?s={search_term_string}\"},\"query-input\":{\"@type\":\"PropertyValueSpecification\",\"valueRequired\":true,\"valueName\":\"search_term_string\"}}],\"inLanguage\":\"et\"},{\"@type\":\"Organization\",\"@id\":\"https:\/\/kapitel.ee\/#organization\",\"name\":\"Kapitel\",\"url\":\"https:\/\/kapitel.ee\/\",\"logo\":{\"@type\":\"ImageObject\",\"inLanguage\":\"et\",\"@id\":\"https:\/\/kapitel.ee\/#\/schema\/logo\/image\/\",\"url\":\"https:\/\/kapitel.ee\/wp-content\/uploads\/2025\/06\/logo.svg\",\"contentUrl\":\"https:\/\/kapitel.ee\/wp-content\/uploads\/2025\/06\/logo.svg\",\"caption\":\"Kapitel\"},\"image\":{\"@id\":\"https:\/\/kapitel.ee\/#\/schema\/logo\/image\/\"}}]}<\/script>\n<!-- \/ Yoast SEO plugin. -->","yoast_head_json":{"title":"Meist - Kapitel","robots":{"index":"index","follow":"follow","max-snippet":"max-snippet:-1","max-image-preview":"max-image-preview:large","max-video-preview":"max-video-preview:-1"},"canonical":"https:\/\/kapitel.ee\/et\/meist\/","og_locale":"et_EE","og_type":"article","og_title":"Meist - Kapitel","og_description":"Alates ettev\u00f5tte asutamisest 1997. aastal oleme arendanud ja juhtinud kinnisvaraprojekte ning loonud kvaliteetseid t\u00f6\u00f6-, kaubandus- ja majutuskeskkondi. L\u00e4htume pikaajalisest strateegiast: juhime tervet arendusprotsessi ning j\u00e4\u00e4me arendatud projektide omanikuks ja \u00fc\u00fcrnikele igap\u00e4evaseks partneriks. Ettev\u00f5te p\u00f5hineb 100% Eesti kapitalil.","og_url":"https:\/\/kapitel.ee\/et\/meist\/","og_site_name":"Kapitel","article_modified_time":"2026-04-16T07:34:15+00:00","og_image":[{"width":3874,"height":2174,"url":"https:\/\/kapitel.ee\/wp-content\/uploads\/2025\/06\/diivan.jpg","type":"image\/jpeg"}],"twitter_card":"summary_large_image","twitter_misc":{"Est. reading time":"5 minutit"},"schema":{"@context":"https:\/\/schema.org","@graph":[{"@type":"WebPage","@id":"https:\/\/kapitel.ee\/et\/meist\/","url":"https:\/\/kapitel.ee\/et\/meist\/","name":"Meist - Kapitel","isPartOf":{"@id":"https:\/\/kapitel.ee\/#website"},"primaryImageOfPage":{"@id":"https:\/\/kapitel.ee\/et\/meist\/#primaryimage"},"image":{"@id":"https:\/\/kapitel.ee\/et\/meist\/#primaryimage"},"thumbnailUrl":"https:\/\/kapitel.ee\/wp-content\/uploads\/2025\/06\/diivan.jpg","datePublished":"2025-06-12T06:26:45+00:00","dateModified":"2026-04-16T07:34:15+00:00","breadcrumb":{"@id":"https:\/\/kapitel.ee\/et\/meist\/#breadcrumb"},"inLanguage":"et","potentialAction":[{"@type":"ReadAction","target":["https:\/\/kapitel.ee\/et\/meist\/"]}]},{"@type":"ImageObject","inLanguage":"et","@id":"https:\/\/kapitel.ee\/et\/meist\/#primaryimage","url":"https:\/\/kapitel.ee\/wp-content\/uploads\/2025\/06\/diivan.jpg","contentUrl":"https:\/\/kapitel.ee\/wp-content\/uploads\/2025\/06\/diivan.jpg","width":3874,"height":2174},{"@type":"BreadcrumbList","@id":"https:\/\/kapitel.ee\/et\/meist\/#breadcrumb","itemListElement":[{"@type":"ListItem","position":1,"name":"Home","item":"https:\/\/kapitel.ee\/et\/"},{"@type":"ListItem","position":2,"name":"Meist"}]},{"@type":"WebSite","@id":"https:\/\/kapitel.ee\/#website","url":"https:\/\/kapitel.ee\/","name":"Kapitel","description":"","publisher":{"@id":"https:\/\/kapitel.ee\/#organization"},"potentialAction":[{"@type":"SearchAction","target":{"@type":"EntryPoint","urlTemplate":"https:\/\/kapitel.ee\/?s={search_term_string}"},"query-input":{"@type":"PropertyValueSpecification","valueRequired":true,"valueName":"search_term_string"}}],"inLanguage":"et"},{"@type":"Organization","@id":"https:\/\/kapitel.ee\/#organization","name":"Kapitel","url":"https:\/\/kapitel.ee\/","logo":{"@type":"ImageObject","inLanguage":"et","@id":"https:\/\/kapitel.ee\/#\/schema\/logo\/image\/","url":"https:\/\/kapitel.ee\/wp-content\/uploads\/2025\/06\/logo.svg","contentUrl":"https:\/\/kapitel.ee\/wp-content\/uploads\/2025\/06\/logo.svg","caption":"Kapitel"},"image":{"@id":"https:\/\/kapitel.ee\/#\/schema\/logo\/image\/"}}]}},"_links":{"self":[{"href":"https:\/\/kapitel.ee\/et\/wp-json\/wp\/v2\/pages\/1859","targetHints":{"allow":["GET"]}}],"collection":[{"href":"https:\/\/kapitel.ee\/et\/wp-json\/wp\/v2\/pages"}],"about":[{"href":"https:\/\/kapitel.ee\/et\/wp-json\/wp\/v2\/types\/page"}],"author":[{"embeddable":true,"href":"https:\/\/kapitel.ee\/et\/wp-json\/wp\/v2\/users\/1"}],"replies":[{"embeddable":true,"href":"https:\/\/kapitel.ee\/et\/wp-json\/wp\/v2\/comments?post=1859"}],"version-history":[{"count":55,"href":"https:\/\/kapitel.ee\/et\/wp-json\/wp\/v2\/pages\/1859\/revisions"}],"predecessor-version":[{"id":3239,"href":"https:\/\/kapitel.ee\/et\/wp-json\/wp\/v2\/pages\/1859\/revisions\/3239"}],"wp:featuredmedia":[{"embeddable":true,"href":"https:\/\/kapitel.ee\/et\/wp-json\/wp\/v2\/media\/1895"}],"wp:attachment":[{"href":"https:\/\/kapitel.ee\/et\/wp-json\/wp\/v2\/media?parent=1859"}],"curies":[{"name":"wp","href":"https:\/\/api.w.org\/{rel}","templated":true}]}}