{"id":1863,"date":"2025-06-15T15:34:42","date_gmt":"2025-06-15T12:34:42","guid":{"rendered":"https:\/\/pre.cdev.ee\/kapitel\/esg\/"},"modified":"2025-10-15T16:12:29","modified_gmt":"2025-10-15T13:12:29","slug":"kestlikkus","status":"publish","type":"page","link":"https:\/\/kapitel.ee\/et\/kestlikkus\/","title":{"rendered":"Kestlikkus"},"content":{"rendered":"<p>ESG t\u00e4histab keskkonnaalast, sotsiaalset ja juhtimisalast vastutust. Kestlikkus on osa meie p\u00f5hiv\u00e4\u00e4rtustest, kujundades meie otsuseid ja suunates meie visiooni. Meie investeerimisperspektiiv on suunatud tulevikku, seades esikohale pikaajalise v\u00e4\u00e4rtuse ja j\u00e4tkusuutlikkuse selle s\u00f5na igas t\u00e4henduses.<\/p>\n<p>&nbsp;<\/p>\n","protected":false},"excerpt":{"rendered":"<p>ESG t\u00e4histab keskkonnaalast, sotsiaalset ja juhtimisalast vastutust. Kestlikkus on osa meie p\u00f5hiv\u00e4\u00e4rtustest, kujundades meie otsuseid ja suunates meie visiooni. Meie investeerimisperspektiiv on suunatud tulevikku, seades esikohale pikaajalise v\u00e4\u00e4rtuse ja j\u00e4tkusuutlikkuse selle s\u00f5na igas t\u00e4henduses. &nbsp;<\/p>\n","protected":false},"author":1,"featured_media":2710,"parent":0,"menu_order":0,"comment_status":"closed","ping_status":"closed","template":"templates\/esg.php","meta":{"_acf_changed":false,"footnotes":""},"class_list":["post-1863","page","type-page","status-publish","has-post-thumbnail","hentry","entry"],"acf":[],"yoast_head":"<!-- This site is optimized with the Yoast SEO plugin v27.1 - https:\/\/yoast.com\/product\/yoast-seo-wordpress\/ -->\n<title>Kestlikkus - Kapitel<\/title>\n<meta name=\"robots\" content=\"index, follow, max-snippet:-1, max-image-preview:large, max-video-preview:-1\" \/>\n<link rel=\"canonical\" href=\"https:\/\/kapitel.ee\/et\/kestlikkus\/\" \/>\n<meta property=\"og:locale\" content=\"et_EE\" \/>\n<meta property=\"og:type\" content=\"article\" \/>\n<meta property=\"og:title\" content=\"Kestlikkus - Kapitel\" \/>\n<meta property=\"og:description\" content=\"ESG t\u00e4histab keskkonnaalast, sotsiaalset ja juhtimisalast vastutust. Kestlikkus on osa meie p\u00f5hiv\u00e4\u00e4rtustest, kujundades meie otsuseid ja suunates meie visiooni. Meie investeerimisperspektiiv on suunatud tulevikku, seades esikohale pikaajalise v\u00e4\u00e4rtuse ja j\u00e4tkusuutlikkuse selle s\u00f5na igas t\u00e4henduses. &nbsp;\" \/>\n<meta property=\"og:url\" content=\"https:\/\/kapitel.ee\/et\/kestlikkus\/\" \/>\n<meta property=\"og:site_name\" content=\"Kapitel\" \/>\n<meta property=\"article:modified_time\" content=\"2025-10-15T13:12:29+00:00\" \/>\n<meta property=\"og:image\" content=\"https:\/\/kapitel.ee\/wp-content\/uploads\/2025\/08\/TTUN0429.jpg\" \/>\n\t<meta property=\"og:image:width\" content=\"2560\" \/>\n\t<meta property=\"og:image:height\" content=\"1920\" \/>\n\t<meta property=\"og:image:type\" content=\"image\/jpeg\" \/>\n<meta name=\"twitter:card\" content=\"summary_large_image\" \/>\n<meta name=\"twitter:label1\" content=\"Est. reading time\" \/>\n\t<meta name=\"twitter:data1\" content=\"3 minutit\" \/>\n<script type=\"application\/ld+json\" class=\"yoast-schema-graph\">{\"@context\":\"https:\/\/schema.org\",\"@graph\":[{\"@type\":\"WebPage\",\"@id\":\"https:\/\/kapitel.ee\/et\/kestlikkus\/\",\"url\":\"https:\/\/kapitel.ee\/et\/kestlikkus\/\",\"name\":\"Kestlikkus - Kapitel\",\"isPartOf\":{\"@id\":\"https:\/\/kapitel.ee\/#website\"},\"primaryImageOfPage\":{\"@id\":\"https:\/\/kapitel.ee\/et\/kestlikkus\/#primaryimage\"},\"image\":{\"@id\":\"https:\/\/kapitel.ee\/et\/kestlikkus\/#primaryimage\"},\"thumbnailUrl\":\"https:\/\/kapitel.ee\/wp-content\/uploads\/2025\/08\/TTUN0429.jpg\",\"datePublished\":\"2025-06-15T12:34:42+00:00\",\"dateModified\":\"2025-10-15T13:12:29+00:00\",\"breadcrumb\":{\"@id\":\"https:\/\/kapitel.ee\/et\/kestlikkus\/#breadcrumb\"},\"inLanguage\":\"et\",\"potentialAction\":[{\"@type\":\"ReadAction\",\"target\":[\"https:\/\/kapitel.ee\/et\/kestlikkus\/\"]}]},{\"@type\":\"ImageObject\",\"inLanguage\":\"et\",\"@id\":\"https:\/\/kapitel.ee\/et\/kestlikkus\/#primaryimage\",\"url\":\"https:\/\/kapitel.ee\/wp-content\/uploads\/2025\/08\/TTUN0429.jpg\",\"contentUrl\":\"https:\/\/kapitel.ee\/wp-content\/uploads\/2025\/08\/TTUN0429.jpg\",\"width\":2560,\"height\":1920},{\"@type\":\"BreadcrumbList\",\"@id\":\"https:\/\/kapitel.ee\/et\/kestlikkus\/#breadcrumb\",\"itemListElement\":[{\"@type\":\"ListItem\",\"position\":1,\"name\":\"Home\",\"item\":\"https:\/\/kapitel.ee\/et\/\"},{\"@type\":\"ListItem\",\"position\":2,\"name\":\"Kestlikkus\"}]},{\"@type\":\"WebSite\",\"@id\":\"https:\/\/kapitel.ee\/#website\",\"url\":\"https:\/\/kapitel.ee\/\",\"name\":\"Kapitel\",\"description\":\"\",\"publisher\":{\"@id\":\"https:\/\/kapitel.ee\/#organization\"},\"potentialAction\":[{\"@type\":\"SearchAction\",\"target\":{\"@type\":\"EntryPoint\",\"urlTemplate\":\"https:\/\/kapitel.ee\/?s={search_term_string}\"},\"query-input\":{\"@type\":\"PropertyValueSpecification\",\"valueRequired\":true,\"valueName\":\"search_term_string\"}}],\"inLanguage\":\"et\"},{\"@type\":\"Organization\",\"@id\":\"https:\/\/kapitel.ee\/#organization\",\"name\":\"Kapitel\",\"url\":\"https:\/\/kapitel.ee\/\",\"logo\":{\"@type\":\"ImageObject\",\"inLanguage\":\"et\",\"@id\":\"https:\/\/kapitel.ee\/#\/schema\/logo\/image\/\",\"url\":\"https:\/\/kapitel.ee\/wp-content\/uploads\/2025\/06\/logo.svg\",\"contentUrl\":\"https:\/\/kapitel.ee\/wp-content\/uploads\/2025\/06\/logo.svg\",\"caption\":\"Kapitel\"},\"image\":{\"@id\":\"https:\/\/kapitel.ee\/#\/schema\/logo\/image\/\"}}]}<\/script>\n<!-- \/ Yoast SEO plugin. -->","yoast_head_json":{"title":"Kestlikkus - Kapitel","robots":{"index":"index","follow":"follow","max-snippet":"max-snippet:-1","max-image-preview":"max-image-preview:large","max-video-preview":"max-video-preview:-1"},"canonical":"https:\/\/kapitel.ee\/et\/kestlikkus\/","og_locale":"et_EE","og_type":"article","og_title":"Kestlikkus - Kapitel","og_description":"ESG t\u00e4histab keskkonnaalast, sotsiaalset ja juhtimisalast vastutust. Kestlikkus on osa meie p\u00f5hiv\u00e4\u00e4rtustest, kujundades meie otsuseid ja suunates meie visiooni. Meie investeerimisperspektiiv on suunatud tulevikku, seades esikohale pikaajalise v\u00e4\u00e4rtuse ja j\u00e4tkusuutlikkuse selle s\u00f5na igas t\u00e4henduses. &nbsp;","og_url":"https:\/\/kapitel.ee\/et\/kestlikkus\/","og_site_name":"Kapitel","article_modified_time":"2025-10-15T13:12:29+00:00","og_image":[{"width":2560,"height":1920,"url":"https:\/\/kapitel.ee\/wp-content\/uploads\/2025\/08\/TTUN0429.jpg","type":"image\/jpeg"}],"twitter_card":"summary_large_image","twitter_misc":{"Est. reading time":"3 minutit"},"schema":{"@context":"https:\/\/schema.org","@graph":[{"@type":"WebPage","@id":"https:\/\/kapitel.ee\/et\/kestlikkus\/","url":"https:\/\/kapitel.ee\/et\/kestlikkus\/","name":"Kestlikkus - Kapitel","isPartOf":{"@id":"https:\/\/kapitel.ee\/#website"},"primaryImageOfPage":{"@id":"https:\/\/kapitel.ee\/et\/kestlikkus\/#primaryimage"},"image":{"@id":"https:\/\/kapitel.ee\/et\/kestlikkus\/#primaryimage"},"thumbnailUrl":"https:\/\/kapitel.ee\/wp-content\/uploads\/2025\/08\/TTUN0429.jpg","datePublished":"2025-06-15T12:34:42+00:00","dateModified":"2025-10-15T13:12:29+00:00","breadcrumb":{"@id":"https:\/\/kapitel.ee\/et\/kestlikkus\/#breadcrumb"},"inLanguage":"et","potentialAction":[{"@type":"ReadAction","target":["https:\/\/kapitel.ee\/et\/kestlikkus\/"]}]},{"@type":"ImageObject","inLanguage":"et","@id":"https:\/\/kapitel.ee\/et\/kestlikkus\/#primaryimage","url":"https:\/\/kapitel.ee\/wp-content\/uploads\/2025\/08\/TTUN0429.jpg","contentUrl":"https:\/\/kapitel.ee\/wp-content\/uploads\/2025\/08\/TTUN0429.jpg","width":2560,"height":1920},{"@type":"BreadcrumbList","@id":"https:\/\/kapitel.ee\/et\/kestlikkus\/#breadcrumb","itemListElement":[{"@type":"ListItem","position":1,"name":"Home","item":"https:\/\/kapitel.ee\/et\/"},{"@type":"ListItem","position":2,"name":"Kestlikkus"}]},{"@type":"WebSite","@id":"https:\/\/kapitel.ee\/#website","url":"https:\/\/kapitel.ee\/","name":"Kapitel","description":"","publisher":{"@id":"https:\/\/kapitel.ee\/#organization"},"potentialAction":[{"@type":"SearchAction","target":{"@type":"EntryPoint","urlTemplate":"https:\/\/kapitel.ee\/?s={search_term_string}"},"query-input":{"@type":"PropertyValueSpecification","valueRequired":true,"valueName":"search_term_string"}}],"inLanguage":"et"},{"@type":"Organization","@id":"https:\/\/kapitel.ee\/#organization","name":"Kapitel","url":"https:\/\/kapitel.ee\/","logo":{"@type":"ImageObject","inLanguage":"et","@id":"https:\/\/kapitel.ee\/#\/schema\/logo\/image\/","url":"https:\/\/kapitel.ee\/wp-content\/uploads\/2025\/06\/logo.svg","contentUrl":"https:\/\/kapitel.ee\/wp-content\/uploads\/2025\/06\/logo.svg","caption":"Kapitel"},"image":{"@id":"https:\/\/kapitel.ee\/#\/schema\/logo\/image\/"}}]}},"_links":{"self":[{"href":"https:\/\/kapitel.ee\/et\/wp-json\/wp\/v2\/pages\/1863","targetHints":{"allow":["GET"]}}],"collection":[{"href":"https:\/\/kapitel.ee\/et\/wp-json\/wp\/v2\/pages"}],"about":[{"href":"https:\/\/kapitel.ee\/et\/wp-json\/wp\/v2\/types\/page"}],"author":[{"embeddable":true,"href":"https:\/\/kapitel.ee\/et\/wp-json\/wp\/v2\/users\/1"}],"replies":[{"embeddable":true,"href":"https:\/\/kapitel.ee\/et\/wp-json\/wp\/v2\/comments?post=1863"}],"version-history":[{"count":28,"href":"https:\/\/kapitel.ee\/et\/wp-json\/wp\/v2\/pages\/1863\/revisions"}],"predecessor-version":[{"id":3002,"href":"https:\/\/kapitel.ee\/et\/wp-json\/wp\/v2\/pages\/1863\/revisions\/3002"}],"wp:featuredmedia":[{"embeddable":true,"href":"https:\/\/kapitel.ee\/et\/wp-json\/wp\/v2\/media\/2710"}],"wp:attachment":[{"href":"https:\/\/kapitel.ee\/et\/wp-json\/wp\/v2\/media?parent=1863"}],"curies":[{"name":"wp","href":"https:\/\/api.w.org\/{rel}","templated":true}]}}