{"id":1874,"date":"2025-06-15T15:35:03","date_gmt":"2025-06-15T12:35:03","guid":{"rendered":"https:\/\/pre.cdev.ee\/kapitel\/giving-back-to-society\/"},"modified":"2025-08-13T10:39:02","modified_gmt":"2025-08-13T07:39:02","slug":"uhiskonda-panustamine","status":"publish","type":"page","link":"https:\/\/kapitel.ee\/et\/uhiskonda-panustamine\/","title":{"rendered":"\u00dchiskonda panustamine"},"content":{"rendered":"<div class=\"content-info align-center wow fadeInUp\" data-wow-delay=\"0.4s\">\n<p>Kapiteli \u00e4ri on saatnud edu. Me ei v\u00f5ta seda iseenesestm\u00f5istetavalt ja on hea meel anda oma panus \u00fchiskonda ning aidata abivajajaid.<\/p>\n<\/div>\n<div class=\"row\">\n<div class=\"col-lg-4 col-md-4 col-sm-12 col-xs-12 wow fadeInUp\" data-wow-delay=\"0.4s\">\n<div class=\"content-box\">\n<div class=\"image-box\"><\/div>\n<\/div>\n<\/div>\n<\/div>\n","protected":false},"excerpt":{"rendered":"<p>Kapiteli \u00e4ri on saatnud edu. Me ei v\u00f5ta seda iseenesestm\u00f5istetavalt ja on hea meel anda oma panus \u00fchiskonda ning aidata abivajajaid.<\/p>\n","protected":false},"author":1,"featured_media":0,"parent":0,"menu_order":0,"comment_status":"closed","ping_status":"closed","template":"templates\/projects.php","meta":{"_acf_changed":false,"footnotes":""},"class_list":["post-1874","page","type-page","status-publish","hentry","entry"],"acf":[],"yoast_head":"<!-- This site is optimized with the Yoast SEO plugin v27.1 - https:\/\/yoast.com\/product\/yoast-seo-wordpress\/ -->\n<title>\u00dchiskonda panustamine - Kapitel<\/title>\n<meta name=\"robots\" content=\"index, follow, max-snippet:-1, max-image-preview:large, max-video-preview:-1\" \/>\n<link rel=\"canonical\" href=\"https:\/\/kapitel.ee\/et\/uhiskonda-panustamine\/\" \/>\n<meta property=\"og:locale\" content=\"et_EE\" \/>\n<meta property=\"og:type\" content=\"article\" \/>\n<meta property=\"og:title\" content=\"\u00dchiskonda panustamine - Kapitel\" \/>\n<meta property=\"og:description\" content=\"Kapiteli \u00e4ri on saatnud edu. Me ei v\u00f5ta seda iseenesestm\u00f5istetavalt ja on hea meel anda oma panus \u00fchiskonda ning aidata abivajajaid.\" \/>\n<meta property=\"og:url\" content=\"https:\/\/kapitel.ee\/et\/uhiskonda-panustamine\/\" \/>\n<meta property=\"og:site_name\" content=\"Kapitel\" \/>\n<meta property=\"article:modified_time\" content=\"2025-08-13T07:39:02+00:00\" \/>\n<meta name=\"twitter:card\" content=\"summary_large_image\" \/>\n<meta name=\"twitter:label1\" content=\"Est. reading time\" \/>\n\t<meta name=\"twitter:data1\" content=\"1 minut\" \/>\n<script type=\"application\/ld+json\" class=\"yoast-schema-graph\">{\"@context\":\"https:\/\/schema.org\",\"@graph\":[{\"@type\":\"WebPage\",\"@id\":\"https:\/\/kapitel.ee\/et\/uhiskonda-panustamine\/\",\"url\":\"https:\/\/kapitel.ee\/et\/uhiskonda-panustamine\/\",\"name\":\"\u00dchiskonda panustamine - Kapitel\",\"isPartOf\":{\"@id\":\"https:\/\/kapitel.ee\/#website\"},\"datePublished\":\"2025-06-15T12:35:03+00:00\",\"dateModified\":\"2025-08-13T07:39:02+00:00\",\"breadcrumb\":{\"@id\":\"https:\/\/kapitel.ee\/et\/uhiskonda-panustamine\/#breadcrumb\"},\"inLanguage\":\"et\",\"potentialAction\":[{\"@type\":\"ReadAction\",\"target\":[\"https:\/\/kapitel.ee\/et\/uhiskonda-panustamine\/\"]}]},{\"@type\":\"BreadcrumbList\",\"@id\":\"https:\/\/kapitel.ee\/et\/uhiskonda-panustamine\/#breadcrumb\",\"itemListElement\":[{\"@type\":\"ListItem\",\"position\":1,\"name\":\"Home\",\"item\":\"https:\/\/kapitel.ee\/et\/\"},{\"@type\":\"ListItem\",\"position\":2,\"name\":\"\u00dchiskonda panustamine\"}]},{\"@type\":\"WebSite\",\"@id\":\"https:\/\/kapitel.ee\/#website\",\"url\":\"https:\/\/kapitel.ee\/\",\"name\":\"Kapitel\",\"description\":\"\",\"publisher\":{\"@id\":\"https:\/\/kapitel.ee\/#organization\"},\"potentialAction\":[{\"@type\":\"SearchAction\",\"target\":{\"@type\":\"EntryPoint\",\"urlTemplate\":\"https:\/\/kapitel.ee\/?s={search_term_string}\"},\"query-input\":{\"@type\":\"PropertyValueSpecification\",\"valueRequired\":true,\"valueName\":\"search_term_string\"}}],\"inLanguage\":\"et\"},{\"@type\":\"Organization\",\"@id\":\"https:\/\/kapitel.ee\/#organization\",\"name\":\"Kapitel\",\"url\":\"https:\/\/kapitel.ee\/\",\"logo\":{\"@type\":\"ImageObject\",\"inLanguage\":\"et\",\"@id\":\"https:\/\/kapitel.ee\/#\/schema\/logo\/image\/\",\"url\":\"https:\/\/kapitel.ee\/wp-content\/uploads\/2025\/06\/logo.svg\",\"contentUrl\":\"https:\/\/kapitel.ee\/wp-content\/uploads\/2025\/06\/logo.svg\",\"caption\":\"Kapitel\"},\"image\":{\"@id\":\"https:\/\/kapitel.ee\/#\/schema\/logo\/image\/\"}}]}<\/script>\n<!-- \/ Yoast SEO plugin. -->","yoast_head_json":{"title":"\u00dchiskonda panustamine - Kapitel","robots":{"index":"index","follow":"follow","max-snippet":"max-snippet:-1","max-image-preview":"max-image-preview:large","max-video-preview":"max-video-preview:-1"},"canonical":"https:\/\/kapitel.ee\/et\/uhiskonda-panustamine\/","og_locale":"et_EE","og_type":"article","og_title":"\u00dchiskonda panustamine - Kapitel","og_description":"Kapiteli \u00e4ri on saatnud edu. Me ei v\u00f5ta seda iseenesestm\u00f5istetavalt ja on hea meel anda oma panus \u00fchiskonda ning aidata abivajajaid.","og_url":"https:\/\/kapitel.ee\/et\/uhiskonda-panustamine\/","og_site_name":"Kapitel","article_modified_time":"2025-08-13T07:39:02+00:00","twitter_card":"summary_large_image","twitter_misc":{"Est. reading time":"1 minut"},"schema":{"@context":"https:\/\/schema.org","@graph":[{"@type":"WebPage","@id":"https:\/\/kapitel.ee\/et\/uhiskonda-panustamine\/","url":"https:\/\/kapitel.ee\/et\/uhiskonda-panustamine\/","name":"\u00dchiskonda panustamine - Kapitel","isPartOf":{"@id":"https:\/\/kapitel.ee\/#website"},"datePublished":"2025-06-15T12:35:03+00:00","dateModified":"2025-08-13T07:39:02+00:00","breadcrumb":{"@id":"https:\/\/kapitel.ee\/et\/uhiskonda-panustamine\/#breadcrumb"},"inLanguage":"et","potentialAction":[{"@type":"ReadAction","target":["https:\/\/kapitel.ee\/et\/uhiskonda-panustamine\/"]}]},{"@type":"BreadcrumbList","@id":"https:\/\/kapitel.ee\/et\/uhiskonda-panustamine\/#breadcrumb","itemListElement":[{"@type":"ListItem","position":1,"name":"Home","item":"https:\/\/kapitel.ee\/et\/"},{"@type":"ListItem","position":2,"name":"\u00dchiskonda panustamine"}]},{"@type":"WebSite","@id":"https:\/\/kapitel.ee\/#website","url":"https:\/\/kapitel.ee\/","name":"Kapitel","description":"","publisher":{"@id":"https:\/\/kapitel.ee\/#organization"},"potentialAction":[{"@type":"SearchAction","target":{"@type":"EntryPoint","urlTemplate":"https:\/\/kapitel.ee\/?s={search_term_string}"},"query-input":{"@type":"PropertyValueSpecification","valueRequired":true,"valueName":"search_term_string"}}],"inLanguage":"et"},{"@type":"Organization","@id":"https:\/\/kapitel.ee\/#organization","name":"Kapitel","url":"https:\/\/kapitel.ee\/","logo":{"@type":"ImageObject","inLanguage":"et","@id":"https:\/\/kapitel.ee\/#\/schema\/logo\/image\/","url":"https:\/\/kapitel.ee\/wp-content\/uploads\/2025\/06\/logo.svg","contentUrl":"https:\/\/kapitel.ee\/wp-content\/uploads\/2025\/06\/logo.svg","caption":"Kapitel"},"image":{"@id":"https:\/\/kapitel.ee\/#\/schema\/logo\/image\/"}}]}},"_links":{"self":[{"href":"https:\/\/kapitel.ee\/et\/wp-json\/wp\/v2\/pages\/1874","targetHints":{"allow":["GET"]}}],"collection":[{"href":"https:\/\/kapitel.ee\/et\/wp-json\/wp\/v2\/pages"}],"about":[{"href":"https:\/\/kapitel.ee\/et\/wp-json\/wp\/v2\/types\/page"}],"author":[{"embeddable":true,"href":"https:\/\/kapitel.ee\/et\/wp-json\/wp\/v2\/users\/1"}],"replies":[{"embeddable":true,"href":"https:\/\/kapitel.ee\/et\/wp-json\/wp\/v2\/comments?post=1874"}],"version-history":[{"count":10,"href":"https:\/\/kapitel.ee\/et\/wp-json\/wp\/v2\/pages\/1874\/revisions"}],"predecessor-version":[{"id":2682,"href":"https:\/\/kapitel.ee\/et\/wp-json\/wp\/v2\/pages\/1874\/revisions\/2682"}],"wp:attachment":[{"href":"https:\/\/kapitel.ee\/et\/wp-json\/wp\/v2\/media?parent=1874"}],"curies":[{"name":"wp","href":"https:\/\/api.w.org\/{rel}","templated":true}]}}